{"id":81,"date":"2019-04-04T09:16:33","date_gmt":"2019-04-04T09:16:33","guid":{"rendered":"https:\/\/reservasc.portosantoline.pt\/pt\/"},"modified":"2026-02-26T19:10:46","modified_gmt":"2026-02-26T19:10:46","slug":"front-page","status":"publish","type":"page","link":"https:\/\/reservasc.portosantoline.pt\/pt\/","title":{"rendered":""},"content":{"rendered":"\n<div class=\"wp-block-columns is-layout-flex wp-container-core-columns-is-layout-9d6595d7 wp-block-columns-is-layout-flex\">\n<div class=\"wp-block-column is-layout-flow wp-block-column-is-layout-flow\"><div class=\"wp-block-image\">\n<figure class=\"aligncenter size-full\"><a href=\"https:\/\/reservasc.portosantoline.pt\/pt\/resmadpt\/\"><img loading=\"lazy\" decoding=\"async\" width=\"251\" height=\"345\" src=\"https:\/\/reservasc.portosantoline.pt\/pt\/wp-content\/uploads\/sites\/3\/2022\/05\/bt_resimad_pt.jpg\" alt=\"\" class=\"wp-image-2130\" srcset=\"https:\/\/reservasc.portosantoline.pt\/pt\/wp-content\/uploads\/sites\/3\/2022\/05\/bt_resimad_pt.jpg 251w, https:\/\/reservasc.portosantoline.pt\/pt\/wp-content\/uploads\/sites\/3\/2022\/05\/bt_resimad_pt-218x300.jpg 218w\" sizes=\"auto, (max-width: 251px) 100vw, 251px\" \/><\/a><\/figure><\/div><\/div>\n\n\n\n<div class=\"wp-block-column is-layout-flow wp-block-column-is-layout-flow\"><div class=\"wp-block-image\">\n<figure class=\"aligncenter size-full\"><a href=\"https:\/\/reservasc.portosantoline.pt\/pt\/respxopt\/\"><img loading=\"lazy\" decoding=\"async\" width=\"251\" height=\"347\" src=\"https:\/\/reservasc.portosantoline.pt\/pt\/wp-content\/uploads\/sites\/3\/2022\/05\/bt_resipxo_pt.jpg\" alt=\"\" class=\"wp-image-2131\" srcset=\"https:\/\/reservasc.portosantoline.pt\/pt\/wp-content\/uploads\/sites\/3\/2022\/05\/bt_resipxo_pt.jpg 251w, https:\/\/reservasc.portosantoline.pt\/pt\/wp-content\/uploads\/sites\/3\/2022\/05\/bt_resipxo_pt-217x300.jpg 217w\" sizes=\"auto, (max-width: 251px) 100vw, 251px\" \/><\/a><\/figure><\/div><\/div>\n\n\n\n<div class=\"wp-block-column is-layout-flow wp-block-column-is-layout-flow\"><div class=\"wp-block-image\">\n<figure class=\"aligncenter size-full\"><a href=\"https:\/\/reservasc.portosantoline.pt\/pt\/outrospt\/\"><img loading=\"lazy\" decoding=\"async\" width=\"251\" height=\"345\" src=\"https:\/\/reservasc.portosantoline.pt\/pt\/wp-content\/uploads\/sites\/3\/2022\/05\/bt_out_pt.jpg\" alt=\"\" class=\"wp-image-2126\" srcset=\"https:\/\/reservasc.portosantoline.pt\/pt\/wp-content\/uploads\/sites\/3\/2022\/05\/bt_out_pt.jpg 251w, https:\/\/reservasc.portosantoline.pt\/pt\/wp-content\/uploads\/sites\/3\/2022\/05\/bt_out_pt-218x300.jpg 218w\" sizes=\"auto, (max-width: 251px) 100vw, 251px\" \/><\/a><\/figure><\/div><\/div>\n<\/div>\n\n\n\n<br>\n<br>\n<br>\n<p class=\"has-text-align-center\">   Para saber mais sobre o <strong>Portal SIMplifica<\/strong>, <a href=\"https:\/\/simplifica.madeira.gov.pt\/\" target=\"_blank\">clique aqui<\/a>.  <\/p>\n\n\n\n<p class=\"has-text-align-center\"> M\u00e9todos de Pagamento: <\/p>\n\n\n<div class=\"wp-block-image\">\n<figure class=\"aligncenter size-full is-resized\"><img decoding=\"async\" src=\"https:\/\/reservasc.portosantoline.pt\/pt\/wp-content\/uploads\/sites\/3\/2026\/02\/logos-UNICRE.svg\" alt=\"\" class=\"wp-image-4294\" style=\"width:263px;height:auto\" \/><\/figure><\/div>\n\n\n<br>\n<br>\n<p align=\"justify\"><strong>Com o intuito de melhorar a efici\u00eancia da gest\u00e3o da lota\u00e7\u00e3o do navio Lobo Marinho, proporcionando, assim, a todos os seus Passageiros um lugar nas viagens desejadas, a Porto Santo Line aplica as seguintes taxas de altera\u00e7\u00e3o \u00e0s passagens n\u00e3o consumidas nas datas para as quais foram previamente compradas, sendo que as penaliza\u00e7\u00f5es aplicam-se por cada segmento de viagem: \u2022 Penaliza\u00e7\u00e3o por cada passageiro, em altera\u00e7\u00f5es realizadas a menos de 24h da hora da viagem j\u00e1 adquirida: 5\u20ac; \u2022 Penaliza\u00e7\u00e3o por cada viatura, em altera\u00e7\u00f5es realizadas a menos de 48h da hora da viagem j\u00e1 adquirida: &gt; Viaturas A, E e F: 10\u20ac, em pacote ou sem; &gt; Viaturas B, C, D, H e I: 10% do valor da tarifa aplicada na altura em que foi feita a compra; \u2022 Penaliza\u00e7\u00e3o por \u201cN\u00e3o embarque\u201d (No-show) ou sem altera\u00e7\u00e3o pr\u00e9via de passagem: Perda da passagem, no segmento de viagem correspondente. Para altera\u00e7\u00e3o atempada das viagens em causa, o Passageiro dever\u00e1 contactar os nossos balc\u00f5es de atendimento ao p\u00fablico, ou Contact Center, dentro dos seus hor\u00e1rios de funcionamento, dispon\u00edveis em <\/strong><a href=\"http:\/\/www.portosantoline.pt\/\"><strong>www.portosantoline.pt<\/strong><\/a><\/p>\n","protected":false},"excerpt":{"rendered":"<p>Para saber mais sobre o Portal SIMplifica, clique aqui. M\u00e9todos de Pagamento: Com o intuito de melhorar a efici\u00eancia da gest\u00e3o da lota\u00e7\u00e3o do navio Lobo Marinho, proporcionando, assim, a todos os seus Passageiros um lugar nas viagens desejadas, a Porto Santo Line aplica as seguintes taxas de altera\u00e7\u00e3o \u00e0s passagens n\u00e3o consumidas nas datas [&hellip;]<\/p>\n","protected":false},"author":2,"featured_media":0,"parent":0,"menu_order":0,"comment_status":"closed","ping_status":"closed","template":"","meta":{"_acf_changed":false,"footnotes":""},"tags":[],"class_list":["post-81","page","type-page","status-publish","hentry"],"acf":[],"_links":{"self":[{"href":"https:\/\/reservasc.portosantoline.pt\/pt\/wp-json\/wp\/v2\/pages\/81","targetHints":{"allow":["GET"]}}],"collection":[{"href":"https:\/\/reservasc.portosantoline.pt\/pt\/wp-json\/wp\/v2\/pages"}],"about":[{"href":"https:\/\/reservasc.portosantoline.pt\/pt\/wp-json\/wp\/v2\/types\/page"}],"author":[{"embeddable":true,"href":"https:\/\/reservasc.portosantoline.pt\/pt\/wp-json\/wp\/v2\/users\/2"}],"replies":[{"embeddable":true,"href":"https:\/\/reservasc.portosantoline.pt\/pt\/wp-json\/wp\/v2\/comments?post=81"}],"version-history":[{"count":62,"href":"https:\/\/reservasc.portosantoline.pt\/pt\/wp-json\/wp\/v2\/pages\/81\/revisions"}],"predecessor-version":[{"id":4302,"href":"https:\/\/reservasc.portosantoline.pt\/pt\/wp-json\/wp\/v2\/pages\/81\/revisions\/4302"}],"wp:attachment":[{"href":"https:\/\/reservasc.portosantoline.pt\/pt\/wp-json\/wp\/v2\/media?parent=81"}],"wp:term":[{"taxonomy":"post_tag","embeddable":true,"href":"https:\/\/reservasc.portosantoline.pt\/pt\/wp-json\/wp\/v2\/tags?post=81"}],"curies":[{"name":"wp","href":"https:\/\/api.w.org\/{rel}","templated":true}]}}