{"id":2136,"date":"2022-06-09T10:19:24","date_gmt":"2022-06-09T10:19:24","guid":{"rendered":"https:\/\/reservasc.portosantoline.pt\/pt\/?page_id=2136"},"modified":"2026-02-26T19:14:29","modified_gmt":"2026-02-26T19:14:29","slug":"outrospt","status":"publish","type":"page","link":"https:\/\/reservasc.portosantoline.pt\/pt\/outrospt\/","title":{"rendered":""},"content":{"rendered":"\n<div class=\"wp-block-columns is-layout-flex wp-container-core-columns-is-layout-9d6595d7 wp-block-columns-is-layout-flex\">\n<div class=\"wp-block-column is-layout-flow wp-block-column-is-layout-flow\">\n<figure class=\"wp-block-image size-full\"><a href=\"https:\/\/reservasc.portosantoline.pt\/pt\/cruzeiro-de-1-dia\/\"><img decoding=\"async\" src=\"https:\/\/eweb-test-pslc.carus.com\/reservasc_portosantoline_pt_pt\/wp-content\/uploads\/sites\/3\/2025\/07\/bt-pt-c1d-pxo.png\" alt=\"\" class=\"wp-image-3660\" \/><\/a><\/figure>\n<\/div>\n\n\n\n<div class=\"wp-block-column is-layout-flow wp-block-column-is-layout-flow\">\n<figure class=\"wp-block-image size-full\"><a href=\"https:\/\/reservasc.portosantoline.pt\/pt\/book\/book-ferry-travel\/journeySearch\/?clear\"><img decoding=\"async\" src=\"https:\/\/eweb-test-pslc.carus.com\/reservasc_portosantoline_pt_pt\/wp-content\/uploads\/sites\/3\/2025\/07\/bt-pt-pass-pt.png\" alt=\"\" class=\"wp-image-3664\" \/><\/a><\/figure>\n<\/div>\n\n\n\n<div class=\"wp-block-column is-layout-flow wp-block-column-is-layout-flow\">\n<figure class=\"wp-block-image size-full\"><a href=\"https:\/\/reservasc.portosantoline.pt\/pt\/book\/carpack-return\/journeySearch\/?clear\"><img decoding=\"async\" src=\"https:\/\/eweb-test-pslc.carus.com\/reservasc_portosantoline_pt_pt\/wp-content\/uploads\/sites\/3\/2025\/07\/bt-pt-pas-car.png\" alt=\"\" class=\"wp-image-3662\" \/><\/a><\/figure>\n<\/div>\n\n\n\n<div class=\"wp-block-column is-layout-flow wp-block-column-is-layout-flow\">\n<figure class=\"wp-block-image size-full\"><a href=\"https:\/\/reservasc.portosantoline.pt\/pt\/book\/hotels\/journeySearch\/?clear\"><img decoding=\"async\" src=\"https:\/\/eweb-test-pslc.carus.com\/reservasc_portosantoline_pt_pt\/wp-content\/uploads\/sites\/3\/2025\/07\/bt-pt-pass-hot.png\" alt=\"\" class=\"wp-image-3663\" \/><\/a><\/figure>\n<\/div>\n\n\n\n<div class=\"wp-block-column is-layout-flow wp-block-column-is-layout-flow\">\n<figure class=\"wp-block-image size-full\"><a href=\"https:\/\/reservasc.portosantoline.pt\/pt\/book\/book-ferry-travel\/journeySearch\/?clear\"><img decoding=\"async\" src=\"https:\/\/eweb-test-pslc.carus.com\/reservasc_portosantoline_pt_pt\/wp-content\/uploads\/sites\/3\/2025\/07\/bt-pt-car.png\" alt=\"\" class=\"wp-image-3661\" \/><\/a><\/figure>\n<\/div>\n<\/div>\n\n\n<\/p>\n\n\n<br>\n<p class=\"has-text-align-center\">M\u00e9todos de Pagamento:<\/p>\n\n\n<div class=\"wp-block-image\">\n<figure class=\"aligncenter size-full is-resized\"><img decoding=\"async\" src=\"https:\/\/reservasc.portosantoline.pt\/pt\/wp-content\/uploads\/sites\/3\/2026\/02\/logos-UNICRE.svg\" alt=\"\" class=\"wp-image-4294\" style=\"width:245px;height:auto\" \/><\/figure><\/div>\n\n\n<br>\n<br>\n<p align=\"justify\"><strong>Com o intuito de melhorar a efici\u00eancia da gest\u00e3o da lota\u00e7\u00e3o do navio Lobo Marinho, proporcionando, assim, a todos os seus Passageiros um lugar nas viagens desejadas, a Porto Santo Line aplica as seguintes taxas de altera\u00e7\u00e3o \u00e0s passagens n\u00e3o consumidas nas datas para as quais foram previamente compradas, sendo que as penaliza\u00e7\u00f5es aplicam-se por cada segmento de viagem: \u2022 Penaliza\u00e7\u00e3o por cada passageiro, em altera\u00e7\u00f5es realizadas a menos de 24h da hora da viagem j\u00e1 adquirida: 5\u20ac; \u2022 Penaliza\u00e7\u00e3o por cada viatura, em altera\u00e7\u00f5es realizadas a menos de 48h da hora da viagem j\u00e1 adquirida: &gt; Viaturas A, E e F: 10\u20ac, em pacote ou sem; &gt; Viaturas B, C, D, H e I: 10% do valor da tarifa aplicada na altura em que foi feita a compra; \u2022 Penaliza\u00e7\u00e3o por \u201cN\u00e3o embarque\u201d (No-show) ou sem altera\u00e7\u00e3o pr\u00e9via de passagem: Perda da passagem, no segmento de viagem correspondente. Para altera\u00e7\u00e3o atempada das viagens em causa, o Passageiro dever\u00e1 contactar os nossos balc\u00f5es de atendimento ao p\u00fablico, ou Contact Center, dentro dos seus hor\u00e1rios de funcionamento, dispon\u00edveis em <\/strong><a href=\"http:\/\/www.portosantoline.pt\/\"><strong>www.portosantoline.pt<\/strong><\/a><\/p>\n\n\n\n<p><\/p>\n\n\n\n<p><\/p>\n\n\n\n<p><\/p>\n\n\n\n<p><\/p>\n\n\n\n<p><\/p>\n","protected":false},"excerpt":{"rendered":"<p>M\u00e9todos de Pagamento: Com o intuito de melhorar a efici\u00eancia da gest\u00e3o da lota\u00e7\u00e3o do navio Lobo Marinho, proporcionando, assim, a todos os seus Passageiros um lugar nas viagens desejadas, a Porto Santo Line aplica as seguintes taxas de altera\u00e7\u00e3o \u00e0s passagens n\u00e3o consumidas nas datas para as quais foram previamente compradas, sendo que as [&hellip;]<\/p>\n","protected":false},"author":8,"featured_media":0,"parent":0,"menu_order":0,"comment_status":"closed","ping_status":"closed","template":"","meta":{"_acf_changed":false,"footnotes":""},"tags":[],"class_list":["post-2136","page","type-page","status-publish","hentry"],"acf":[],"_links":{"self":[{"href":"https:\/\/reservasc.portosantoline.pt\/pt\/wp-json\/wp\/v2\/pages\/2136","targetHints":{"allow":["GET"]}}],"collection":[{"href":"https:\/\/reservasc.portosantoline.pt\/pt\/wp-json\/wp\/v2\/pages"}],"about":[{"href":"https:\/\/reservasc.portosantoline.pt\/pt\/wp-json\/wp\/v2\/types\/page"}],"author":[{"embeddable":true,"href":"https:\/\/reservasc.portosantoline.pt\/pt\/wp-json\/wp\/v2\/users\/8"}],"replies":[{"embeddable":true,"href":"https:\/\/reservasc.portosantoline.pt\/pt\/wp-json\/wp\/v2\/comments?post=2136"}],"version-history":[{"count":13,"href":"https:\/\/reservasc.portosantoline.pt\/pt\/wp-json\/wp\/v2\/pages\/2136\/revisions"}],"predecessor-version":[{"id":4307,"href":"https:\/\/reservasc.portosantoline.pt\/pt\/wp-json\/wp\/v2\/pages\/2136\/revisions\/4307"}],"wp:attachment":[{"href":"https:\/\/reservasc.portosantoline.pt\/pt\/wp-json\/wp\/v2\/media?parent=2136"}],"wp:term":[{"taxonomy":"post_tag","embeddable":true,"href":"https:\/\/reservasc.portosantoline.pt\/pt\/wp-json\/wp\/v2\/tags?post=2136"}],"curies":[{"name":"wp","href":"https:\/\/api.w.org\/{rel}","templated":true}]}}