{"id":2134,"date":"2022-06-09T10:18:18","date_gmt":"2022-06-09T10:18:18","guid":{"rendered":"https:\/\/reservasc.portosantoline.pt\/pt\/?page_id=2134"},"modified":"2026-02-26T19:12:52","modified_gmt":"2026-02-26T19:12:52","slug":"respxopt","status":"publish","type":"page","link":"https:\/\/reservasc.portosantoline.pt\/pt\/respxopt\/","title":{"rendered":""},"content":{"rendered":"\n<p class=\"has-text-align-center\"><img loading=\"lazy\" decoding=\"async\" width=\"45\" height=\"41\" class=\"wp-image-2121\" style=\"width: 45px\" src=\"https:\/\/reservasc.portosantoline.pt\/pt\/wp-content\/uploads\/sites\/3\/2022\/05\/icon-avisovav.jpg\" alt=\"\"> Todos os passageiros desta reserva t\u00eam de ter resid\u00eancia atestada, na ilha do Porto Santo, pelo <strong>Portal SIMplifica<\/strong>.<\/p>\n\n\n\n<div class=\"wp-block-columns is-layout-flex wp-container-core-columns-is-layout-9d6595d7 wp-block-columns-is-layout-flex\">\n<div class=\"wp-block-column is-layout-flow wp-block-column-is-layout-flow\"><div class=\"wp-block-image\">\n<figure class=\"alignright size-large\"><a href=\"https:\/\/reservasc.portosantoline.pt\/pt\/book\/ssm-pxo-pv\/journeySearch\/?clear\"><img loading=\"lazy\" decoding=\"async\" width=\"201\" height=\"245\" src=\"https:\/\/reservasc.portosantoline.pt\/pt\/wp-content\/uploads\/sites\/3\/2022\/05\/bt_pass_pt.jpg\" alt=\"\" class=\"wp-image-2129\" \/><\/a><\/figure><\/div><\/div>\n\n\n\n<div class=\"wp-block-column is-layout-flow wp-block-column-is-layout-flow\"><div class=\"wp-block-image\">\n<figure class=\"aligncenter size-large\"><a href=\"https:\/\/reservasc.portosantoline.pt\/pt\/book\/ssm-carp-pxo\/journeySearch\/?clear\"><img loading=\"lazy\" decoding=\"async\" width=\"201\" height=\"245\" src=\"https:\/\/reservasc.portosantoline.pt\/pt\/wp-content\/uploads\/sites\/3\/2022\/05\/bt_packvia_pt.jpg\" alt=\"\" class=\"wp-image-2128\" \/><\/a><\/figure><\/div><\/div>\n\n\n\n<div class=\"wp-block-column is-layout-flow wp-block-column-is-layout-flow\">\n<figure class=\"wp-block-image size-large\"><a href=\"https:\/\/reservasc.portosantoline.pt\/pt\/book\/ssm-pxo-pv\/journeySearch\/?clear\"><img loading=\"lazy\" decoding=\"async\" width=\"201\" height=\"245\" src=\"https:\/\/reservasc.portosantoline.pt\/pt\/wp-content\/uploads\/sites\/3\/2022\/05\/bt_via_pt.jpg\" alt=\"\" class=\"wp-image-2132\" \/><\/a><\/figure>\n<\/div>\n<\/div>\n\n\n\n<br>\n<br>\n<p class=\"has-text-align-center\">Para saber mais sobre o&nbsp;<strong>Portal SIMplifica<\/strong>,&nbsp;<a href=\"https:\/\/simplifica.madeira.gov.pt\/\">clique aqui<\/a>.<\/p>\n\n\n\n<p class=\"has-text-align-center\">M\u00e9todos de Pagamento:<\/p>\n\n\n<div class=\"wp-block-image\">\n<figure class=\"aligncenter size-full is-resized\"><img decoding=\"async\" src=\"https:\/\/reservasc.portosantoline.pt\/pt\/wp-content\/uploads\/sites\/3\/2026\/02\/logos-UNICRE.svg\" alt=\"\" class=\"wp-image-4294\" style=\"width:255px;height:auto\" \/><\/figure><\/div>\n\n<br>\n<br>\n<p align=\"justify\"><strong>Com o intuito de melhorar a efici\u00eancia da gest\u00e3o da lota\u00e7\u00e3o do navio Lobo Marinho, proporcionando, assim, a todos os seus Passageiros um lugar nas viagens desejadas, a Porto Santo Line aplica as seguintes taxas de altera\u00e7\u00e3o \u00e0s passagens n\u00e3o consumidas nas datas para as quais foram previamente compradas, sendo que as penaliza\u00e7\u00f5es aplicam-se por cada segmento de viagem: \u2022 Penaliza\u00e7\u00e3o por cada passageiro, em altera\u00e7\u00f5es realizadas a menos de 24h da hora da viagem j\u00e1 adquirida: 5\u20ac; \u2022 Penaliza\u00e7\u00e3o por cada viatura, em altera\u00e7\u00f5es realizadas a menos de 48h da hora da viagem j\u00e1 adquirida: &gt; Viaturas A, E e F: 10\u20ac, em pacote ou sem; &gt; Viaturas B, C, D, H e I: 10% do valor da tarifa aplicada na altura em que foi feita a compra; \u2022 Penaliza\u00e7\u00e3o por \u201cN\u00e3o embarque\u201d (No-show) ou sem altera\u00e7\u00e3o pr\u00e9via de passagem: Perda da passagem, no segmento de viagem correspondente. Para altera\u00e7\u00e3o atempada das viagens em causa, o Passageiro dever\u00e1 contactar os nossos balc\u00f5es de atendimento ao p\u00fablico, ou Contact Center, dentro dos seus hor\u00e1rios de funcionamento, dispon\u00edveis em <\/strong><a href=\"http:\/\/www.portosantoline.pt\/\"><strong>www.portosantoline.pt<\/strong><\/a><\/p>","protected":false},"excerpt":{"rendered":"<p>Todos os passageiros desta reserva t\u00eam de ter resid\u00eancia atestada, na ilha do Porto Santo, pelo Portal SIMplifica. Para saber mais sobre o&nbsp;Portal SIMplifica,&nbsp;clique aqui. M\u00e9todos de Pagamento: Com o intuito de melhorar a efici\u00eancia da gest\u00e3o da lota\u00e7\u00e3o do navio Lobo Marinho, proporcionando, assim, a todos os seus Passageiros um lugar nas viagens desejadas, [&hellip;]<\/p>\n","protected":false},"author":8,"featured_media":0,"parent":0,"menu_order":0,"comment_status":"closed","ping_status":"closed","template":"","meta":{"_acf_changed":false,"footnotes":""},"tags":[],"class_list":["post-2134","page","type-page","status-publish","hentry"],"acf":[],"_links":{"self":[{"href":"https:\/\/reservasc.portosantoline.pt\/pt\/wp-json\/wp\/v2\/pages\/2134","targetHints":{"allow":["GET"]}}],"collection":[{"href":"https:\/\/reservasc.portosantoline.pt\/pt\/wp-json\/wp\/v2\/pages"}],"about":[{"href":"https:\/\/reservasc.portosantoline.pt\/pt\/wp-json\/wp\/v2\/types\/page"}],"author":[{"embeddable":true,"href":"https:\/\/reservasc.portosantoline.pt\/pt\/wp-json\/wp\/v2\/users\/8"}],"replies":[{"embeddable":true,"href":"https:\/\/reservasc.portosantoline.pt\/pt\/wp-json\/wp\/v2\/comments?post=2134"}],"version-history":[{"count":7,"href":"https:\/\/reservasc.portosantoline.pt\/pt\/wp-json\/wp\/v2\/pages\/2134\/revisions"}],"predecessor-version":[{"id":4304,"href":"https:\/\/reservasc.portosantoline.pt\/pt\/wp-json\/wp\/v2\/pages\/2134\/revisions\/4304"}],"wp:attachment":[{"href":"https:\/\/reservasc.portosantoline.pt\/pt\/wp-json\/wp\/v2\/media?parent=2134"}],"wp:term":[{"taxonomy":"post_tag","embeddable":true,"href":"https:\/\/reservasc.portosantoline.pt\/pt\/wp-json\/wp\/v2\/tags?post=2134"}],"curies":[{"name":"wp","href":"https:\/\/api.w.org\/{rel}","templated":true}]}}